{"id":19109,"date":"2025-12-02T13:38:13","date_gmt":"2025-12-02T12:38:13","guid":{"rendered":"https:\/\/www.cittadellascienza.it\/?page_id=19109"},"modified":"2025-12-02T13:38:13","modified_gmt":"2025-12-02T12:38:13","slug":"copia-di-promoting-scientific-citizenship","status":"publish","type":"page","link":"https:\/\/www.cittadellascienza.it\/en\/copia-di-promoting-scientific-citizenship\/","title":{"rendered":"Copia di Promoting scientific citizenship"},"content":{"rendered":"\n<div style=\"height:30px\" aria-hidden=\"true\" class=\"wp-block-spacer\"><\/div>\n\n<div class=\"wp-block-columns is-layout-flex wp-container-core-columns-is-layout-28f84493 wp-block-columns-is-layout-flex\">\n<div class=\"wp-block-column is-layout-flow wp-block-column-is-layout-flow\">\n<h2 class=\"wp-block-heading has-text-align-center\"><mark style=\"background-color:rgba(0, 0, 0, 0)\" class=\"has-inline-color has-red-color\"><strong>Promozione <\/strong>della<strong> cittadinanza scientifica<\/strong><\/mark><\/h2>\n\n\n\n<p>Le attivit\u00e0 di diffusione della conoscenza svolte da <strong>Citt\u00e0 della Scienza<\/strong> hanno come obiettivo ultimo la promozione della cittadinanza scientifica e sono incentrate sul rapporto tra scienza e societ\u00e0 con un\u2019attenzione particolare anche al rapporto tra scienza e arte.\u00a0<\/p>\n\n\n\n<p>Le attivit\u00e0 sono volte, quindi, a favorire il dialogo tra societ\u00e0 e mondo scientifico, culturale e artistico e sono progettate e condotte nella consapevolezza che l\u2019accesso generalizzato al sapere \u00e8 un fattore essenziale per la costruzione di una societ\u00e0 democratica della conoscenza.\u00a0<\/p>\n\n\n\n<p>La sostenibilit\u00e0, intesa sia in riferimento a tutte le sue dimensioni, da quella sociale a quella ambientale ed economica, \u00e8 assunta come valore di riferimento per tutte le attivit\u00e0. In tale cornice e in tale prospettiva vengono curate la progettazione e la realizzazione di attivit\u00e0 di ricerca e di divulgazione. Tra queste, in particolare, l\u2019attivit\u00e0 di progettazione di musei, mostre, exhibit ed eventi temporanei nel campo scientifico, culturale e artistico \u00e8 svolta, in linea con l\u2019evoluzione tecnologica applicata nell\u2019ambito museale, sia all\u2019interno delle iniziative di Citt\u00e0 della Scienza, sia per committenti esterni.\u00a0<em><\/em><\/p>\n\n\n\n<div style=\"height:30px\" aria-hidden=\"true\" class=\"wp-block-spacer\"><\/div>\n<\/div>\n<\/div>\n\n<div class=\"wp-block-cover alignfull has-parallax\" style=\"min-height:350px;aspect-ratio:unset;\"><span aria-hidden=\"true\" class=\"wp-block-cover__background has-background-dim\" style=\"background-color:#786e72\"><\/span><div class=\"wp-block-cover__image-background wp-image-12047 has-parallax\" style=\"background-position:50% 50%;background-image:url(https:\/\/static-www.cittadellascienza.it\/wp-content\/uploads\/2025\/04\/IMG_Cittadinanza_scientifica_dim_1920_x_1080_px_002.jpg)\"><\/div><div class=\"wp-block-cover__inner-container is-layout-constrained wp-block-cover-is-layout-constrained\">\n<p class=\"has-text-align-center has-large-font-size\"><\/p>\n<\/div><\/div>\n\n<div class=\"wp-block-columns is-layout-flex wp-container-core-columns-is-layout-28f84493 wp-block-columns-is-layout-flex\">\n<div class=\"wp-block-column is-layout-flow wp-block-column-is-layout-flow\">\n<div style=\"height:60px\" aria-hidden=\"true\" class=\"wp-block-spacer\"><\/div>\n\n\n\n<h2 class=\"wp-block-heading has-text-align-center\"><mark style=\"background-color:rgba(0, 0, 0, 0)\" class=\"has-inline-color has-red-color\"><strong>Attivit\u00e0 di progettazione espositiva<\/strong><\/mark><\/h2>\n\n\n\n<p>Citt\u00e0 della Scienza progetta e realizza musei, mostre, exhibit interattivi ed eventi nei campi della scienza, della cultura e dell\u2019arte, avvalendosi di figure professionali in grado di curarne sia i contenuti che la progettazione museografica, secondo un approccio che coniuga divulgazione, innovazione, accessibilit\u00e0 e inclusione sociale. Le attivit\u00e0 spaziano dall\u2019aggiornamento dell\u2019offerta espositiva interna fino alla realizzazione di progetti per committenti esterni, in Italia e all\u2019estero.<\/p>\n\n\n\n<div style=\"height:30px\" aria-hidden=\"true\" class=\"wp-block-spacer\"><\/div>\n<\/div>\n<\/div>\n\n<div class=\"wp-block-columns is-layout-flex wp-container-core-columns-is-layout-28f84493 wp-block-columns-is-layout-flex\">\n<div class=\"wp-block-column is-layout-flow wp-block-column-is-layout-flow\" style=\"flex-basis:50px\"><\/div>\n\n\n\n<div class=\"wp-block-column is-layout-flow wp-block-column-is-layout-flow\">\n<figure class=\"wp-block-image size-full is-style-rounded\"><img loading=\"lazy\" decoding=\"async\" width=\"1920\" height=\"1280\" src=\"https:\/\/static-www.cittadellascienza.it\/wp-content\/uploads\/2025\/04\/IMG_Promozione_della_cittadinanza_scientifica_musei.jpg\" alt=\"\" class=\"wp-image-17771\" style=\"aspect-ratio:1;object-fit:cover\" srcset=\"https:\/\/static-www.cittadellascienza.it\/wp-content\/uploads\/2025\/04\/IMG_Promozione_della_cittadinanza_scientifica_musei.jpg 1920w, https:\/\/static-www.cittadellascienza.it\/wp-content\/uploads\/2025\/04\/IMG_Promozione_della_cittadinanza_scientifica_musei-300x200.jpg 300w, https:\/\/static-www.cittadellascienza.it\/wp-content\/uploads\/2025\/04\/IMG_Promozione_della_cittadinanza_scientifica_musei-768x512.jpg 768w, https:\/\/static-www.cittadellascienza.it\/wp-content\/uploads\/2025\/04\/IMG_Promozione_della_cittadinanza_scientifica_musei-1024x683.jpg 1024w, https:\/\/static-www.cittadellascienza.it\/wp-content\/uploads\/2025\/04\/IMG_Promozione_della_cittadinanza_scientifica_musei-1536x1024.jpg 1536w, https:\/\/static-www.cittadellascienza.it\/wp-content\/uploads\/2025\/04\/IMG_Promozione_della_cittadinanza_scientifica_musei.jpg 675w\" sizes=\"auto, (max-width: 1920px) 100vw, 1920px\" \/><\/figure>\n\n\n\n<h3 class=\"wp-block-heading has-text-align-center\"><strong>Musei<\/strong><br\/><\/h3>\n\n\n\n<div class=\"wp-block-buttons is-content-justification-center is-layout-flex wp-container-core-buttons-is-layout-a89b3969 wp-block-buttons-is-layout-flex\">\n<div class=\"wp-block-button\"><a class=\"wp-block-button__link has-light-grey-color has-red-background-color has-text-color has-background has-link-color has-text-align-center wp-element-button\" href=\"https:\/\/www.cittadellascienza.it\/approfondimenti-promozione-della-cittadinanza-scientifica\/#main-content\"><strong>Scopri<\/strong> di <strong>+<\/strong><\/a><\/div>\n<\/div>\n<\/div>\n\n\n\n<div class=\"wp-block-column is-layout-flow wp-block-column-is-layout-flow\" style=\"flex-basis:50px\"><\/div>\n\n\n\n<div class=\"wp-block-column is-layout-flow wp-block-column-is-layout-flow\">\n<figure class=\"wp-block-image size-full is-style-rounded\"><img loading=\"lazy\" decoding=\"async\" width=\"1080\" height=\"1080\" src=\"https:\/\/static-www.cittadellascienza.it\/wp-content\/uploads\/2025\/04\/IMG_Promozione_della_cittadinanza_scientifica_mostre_e_spazi_permanenti.jpg\" alt=\"\" class=\"wp-image-17774\" style=\"aspect-ratio:1;object-fit:cover\" srcset=\"https:\/\/static-www.cittadellascienza.it\/wp-content\/uploads\/2025\/04\/IMG_Promozione_della_cittadinanza_scientifica_mostre_e_spazi_permanenti.jpg 1080w, https:\/\/static-www.cittadellascienza.it\/wp-content\/uploads\/2025\/04\/IMG_Promozione_della_cittadinanza_scientifica_mostre_e_spazi_permanenti-150x150.jpg 150w, https:\/\/static-www.cittadellascienza.it\/wp-content\/uploads\/2025\/04\/IMG_Promozione_della_cittadinanza_scientifica_mostre_e_spazi_permanenti-300x300.jpg 300w, https:\/\/static-www.cittadellascienza.it\/wp-content\/uploads\/2025\/04\/IMG_Promozione_della_cittadinanza_scientifica_mostre_e_spazi_permanenti-768x768.jpg 768w, https:\/\/static-www.cittadellascienza.it\/wp-content\/uploads\/2025\/04\/IMG_Promozione_della_cittadinanza_scientifica_mostre_e_spazi_permanenti-1024x1024.jpg 1024w, https:\/\/static-www.cittadellascienza.it\/wp-content\/uploads\/2025\/04\/IMG_Promozione_della_cittadinanza_scientifica_mostre_e_spazi_permanenti-800x800.jpg 800w, https:\/\/static-www.cittadellascienza.it\/wp-content\/uploads\/2025\/04\/IMG_Promozione_della_cittadinanza_scientifica_mostre_e_spazi_permanenti.jpg 450w\" sizes=\"auto, (max-width: 1080px) 100vw, 1080px\" \/><\/figure>\n\n\n\n<h3 class=\"wp-block-heading has-text-align-center\"><strong>Mostre<\/strong> e <strong>Spazi<\/strong> permanenti<\/h3>\n\n\n\n<div class=\"wp-block-buttons is-content-justification-center is-layout-flex wp-container-core-buttons-is-layout-a89b3969 wp-block-buttons-is-layout-flex\">\n<div class=\"wp-block-button\"><a class=\"wp-block-button__link has-light-grey-color has-red-background-color has-text-color has-background has-link-color has-text-align-center wp-element-button\" href=\"https:\/\/www.cittadellascienza.it\/approfondimenti-promozione-della-cittadinanza-scientifica\/#cittadinanza-scientifica-mostre\"><strong>Scopri<\/strong> di <strong>+<\/strong><\/a><\/div>\n<\/div>\n<\/div>\n\n\n\n<div class=\"wp-block-column is-layout-flow wp-block-column-is-layout-flow\" style=\"flex-basis:50px\"><\/div>\n\n\n\n<div class=\"wp-block-column is-layout-flow wp-block-column-is-layout-flow\">\n<figure class=\"wp-block-image size-full is-style-rounded\"><img loading=\"lazy\" decoding=\"async\" width=\"1920\" height=\"1280\" src=\"https:\/\/static-www.cittadellascienza.it\/wp-content\/uploads\/2025\/04\/IMG_Promozione_della_cittadinanza_scientifica_progetti_internazionali.jpg\" alt=\"\" class=\"wp-image-17776\" style=\"aspect-ratio:1;object-fit:cover\" srcset=\"https:\/\/static-www.cittadellascienza.it\/wp-content\/uploads\/2025\/04\/IMG_Promozione_della_cittadinanza_scientifica_progetti_internazionali.jpg 1920w, https:\/\/static-www.cittadellascienza.it\/wp-content\/uploads\/2025\/04\/IMG_Promozione_della_cittadinanza_scientifica_progetti_internazionali-300x200.jpg 300w, https:\/\/static-www.cittadellascienza.it\/wp-content\/uploads\/2025\/04\/IMG_Promozione_della_cittadinanza_scientifica_progetti_internazionali-768x512.jpg 768w, https:\/\/static-www.cittadellascienza.it\/wp-content\/uploads\/2025\/04\/IMG_Promozione_della_cittadinanza_scientifica_progetti_internazionali-1024x683.jpg 1024w, https:\/\/static-www.cittadellascienza.it\/wp-content\/uploads\/2025\/04\/IMG_Promozione_della_cittadinanza_scientifica_progetti_internazionali-1536x1024.jpg 1536w, https:\/\/static-www.cittadellascienza.it\/wp-content\/uploads\/2025\/04\/IMG_Promozione_della_cittadinanza_scientifica_progetti_internazionali.jpg 675w\" sizes=\"auto, (max-width: 1920px) 100vw, 1920px\" \/><\/figure>\n\n\n\n<h3 class=\"wp-block-heading has-text-align-center\"><strong>Progetti<\/strong><br\/>intenazionali<\/h3>\n\n\n\n<div class=\"wp-block-buttons is-content-justification-center is-layout-flex wp-container-core-buttons-is-layout-a89b3969 wp-block-buttons-is-layout-flex\">\n<div class=\"wp-block-button\"><a class=\"wp-block-button__link has-light-grey-color has-red-background-color has-text-color has-background has-link-color has-text-align-center wp-element-button\" href=\"https:\/\/www.cittadellascienza.it\/approfondimenti-promozione-della-cittadinanza-scientifica\/#cittadinanza-scientifica-progetti-internazionali\"><strong>Scopri<\/strong> di <strong>+<\/strong><\/a><\/div>\n<\/div>\n<\/div>\n\n\n\n<div class=\"wp-block-column is-layout-flow wp-block-column-is-layout-flow\" style=\"flex-basis:50px\"><\/div>\n<\/div>\n\n<div style=\"height:30px\" aria-hidden=\"true\" class=\"wp-block-spacer\"><\/div>\n\n<div class=\"wp-block-columns is-layout-flex wp-container-core-columns-is-layout-28f84493 wp-block-columns-is-layout-flex\">\n<div class=\"wp-block-column is-layout-flow wp-block-column-is-layout-flow\" style=\"flex-basis:50px\"><\/div>\n\n\n\n<div class=\"wp-block-column is-layout-flow wp-block-column-is-layout-flow\">\n<figure class=\"wp-block-image size-full is-style-rounded\"><img decoding=\"async\" src=\"https:\/\/static-www.cittadellascienza.it\/wp-content\/uploads\/2025\/04\/IMG_Promozione_della_cittadinanza_scientifica_mostre_temporanee.jpg\" alt=\"\" class=\"wp-image-17778\" style=\"aspect-ratio:1;object-fit:cover\"\/><\/figure>\n\n\n\n<h3 class=\"wp-block-heading has-text-align-center\"><strong>Mostre<\/strong><br\/>temporanee<\/h3>\n\n\n\n<div class=\"wp-block-buttons is-content-justification-center is-layout-flex wp-container-core-buttons-is-layout-a89b3969 wp-block-buttons-is-layout-flex\">\n<div class=\"wp-block-button\"><a class=\"wp-block-button__link has-light-grey-color has-red-background-color has-text-color has-background has-link-color has-text-align-center wp-element-button\" href=\"https:\/\/www.cittadellascienza.it\/approfondimenti-promozione-della-cittadinanza-scientifica\/#cittadinanza-scientifica-mostre-temporanee\"><strong>Scopri<\/strong> di <strong>+<\/strong><\/a><\/div>\n<\/div>\n<\/div>\n\n\n\n<div class=\"wp-block-column is-layout-flow wp-block-column-is-layout-flow\" style=\"flex-basis:50px\"><\/div>\n\n\n\n<div class=\"wp-block-column is-layout-flow wp-block-column-is-layout-flow\">\n<figure class=\"wp-block-image size-full is-style-rounded\"><img loading=\"lazy\" decoding=\"async\" width=\"1080\" height=\"1080\" src=\"https:\/\/static-www.cittadellascienza.it\/wp-content\/uploads\/2025\/04\/IMG_Promozione_della_cittadinanza_scientifica_exhibit-_e_kit_.jpg\" alt=\"\" class=\"wp-image-17780\" style=\"aspect-ratio:1;object-fit:cover\" srcset=\"https:\/\/static-www.cittadellascienza.it\/wp-content\/uploads\/2025\/04\/IMG_Promozione_della_cittadinanza_scientifica_exhibit-_e_kit_.jpg 1080w, https:\/\/static-www.cittadellascienza.it\/wp-content\/uploads\/2025\/04\/IMG_Promozione_della_cittadinanza_scientifica_exhibit-_e_kit_-150x150.jpg 150w, https:\/\/static-www.cittadellascienza.it\/wp-content\/uploads\/2025\/04\/IMG_Promozione_della_cittadinanza_scientifica_exhibit-_e_kit_-300x300.jpg 300w, https:\/\/static-www.cittadellascienza.it\/wp-content\/uploads\/2025\/04\/IMG_Promozione_della_cittadinanza_scientifica_exhibit-_e_kit_-768x768.jpg 768w, https:\/\/static-www.cittadellascienza.it\/wp-content\/uploads\/2025\/04\/IMG_Promozione_della_cittadinanza_scientifica_exhibit-_e_kit_-1024x1024.jpg 1024w, https:\/\/static-www.cittadellascienza.it\/wp-content\/uploads\/2025\/04\/IMG_Promozione_della_cittadinanza_scientifica_exhibit-_e_kit_-800x800.jpg 800w, https:\/\/static-www.cittadellascienza.it\/wp-content\/uploads\/2025\/04\/IMG_Promozione_della_cittadinanza_scientifica_exhibit-_e_kit_.jpg 450w\" sizes=\"auto, (max-width: 1080px) 100vw, 1080px\" \/><\/figure>\n\n\n\n<h3 class=\"wp-block-heading has-text-align-center\"><strong>Exhibit <\/strong><br\/>e<strong> Kit didattici<\/strong><\/h3>\n\n\n\n<div class=\"wp-block-buttons is-content-justification-center is-layout-flex wp-container-core-buttons-is-layout-a89b3969 wp-block-buttons-is-layout-flex\">\n<div class=\"wp-block-button\"><a class=\"wp-block-button__link has-light-grey-color has-red-background-color has-text-color has-background has-link-color has-text-align-center wp-element-button\" href=\"https:\/\/www.cittadellascienza.it\/approfondimenti-promozione-della-cittadinanza-scientifica\/#cittadinanza-scientifica-exibit\"><strong>Scopri<\/strong> di <strong>+<\/strong><\/a><\/div>\n<\/div>\n<\/div>\n\n\n\n<div class=\"wp-block-column is-layout-flow wp-block-column-is-layout-flow\" style=\"flex-basis:50px\"><\/div>\n\n\n\n<div class=\"wp-block-column is-layout-flow wp-block-column-is-layout-flow\">\n<figure class=\"wp-block-image size-full is-style-rounded\"><img loading=\"lazy\" decoding=\"async\" width=\"1920\" height=\"1440\" src=\"https:\/\/static-www.cittadellascienza.it\/wp-content\/uploads\/2025\/04\/IMG_Promozione_della_cittadinanza_scientifica_mostre_ed_eventi.jpg\" alt=\"\" class=\"wp-image-17782\" style=\"aspect-ratio:1;object-fit:cover\" srcset=\"https:\/\/static-www.cittadellascienza.it\/wp-content\/uploads\/2025\/04\/IMG_Promozione_della_cittadinanza_scientifica_mostre_ed_eventi.jpg 1920w, https:\/\/static-www.cittadellascienza.it\/wp-content\/uploads\/2025\/04\/IMG_Promozione_della_cittadinanza_scientifica_mostre_ed_eventi-300x225.jpg 300w, https:\/\/static-www.cittadellascienza.it\/wp-content\/uploads\/2025\/04\/IMG_Promozione_della_cittadinanza_scientifica_mostre_ed_eventi-768x576.jpg 768w, https:\/\/static-www.cittadellascienza.it\/wp-content\/uploads\/2025\/04\/IMG_Promozione_della_cittadinanza_scientifica_mostre_ed_eventi-1024x768.jpg 1024w, https:\/\/static-www.cittadellascienza.it\/wp-content\/uploads\/2025\/04\/IMG_Promozione_della_cittadinanza_scientifica_mostre_ed_eventi-1536x1152.jpg 1536w, https:\/\/static-www.cittadellascienza.it\/wp-content\/uploads\/2025\/04\/IMG_Promozione_della_cittadinanza_scientifica_mostre_ed_eventi.jpg 600w\" sizes=\"auto, (max-width: 1920px) 100vw, 1920px\" \/><\/figure>\n\n\n\n<h3 class=\"wp-block-heading has-text-align-center\"><strong>Manifestazioni <\/strong><br\/>ed <strong>Eventi<\/strong><\/h3>\n\n\n\n<div class=\"wp-block-buttons is-content-justification-center is-layout-flex wp-container-core-buttons-is-layout-a89b3969 wp-block-buttons-is-layout-flex\">\n<div class=\"wp-block-button\"><a class=\"wp-block-button__link has-light-grey-color has-red-background-color has-text-color has-background has-link-color has-text-align-center wp-element-button\" href=\"https:\/\/www.cittadellascienza.it\/approfondimenti-promozione-della-cittadinanza-scientifica\/#cittadinanza-scientifica-eventi\"><strong>Scopri<\/strong> di <strong>+<\/strong><\/a><\/div>\n<\/div>\n<\/div>\n\n\n\n<div class=\"wp-block-column is-layout-flow wp-block-column-is-layout-flow\" style=\"flex-basis:50px\"><\/div>\n<\/div>\n\n<div style=\"height:30px\" aria-hidden=\"true\" class=\"wp-block-spacer\"><\/div>\n\n<div class=\"wp-block-cover alignfull is-light has-parallax\" style=\"min-height:350px;aspect-ratio:unset;\"><span aria-hidden=\"true\" class=\"wp-block-cover__background has-background-dim\" style=\"background-color:#c39978\"><\/span><div class=\"wp-block-cover__image-background wp-image-16559 has-parallax\" style=\"background-position:50% 50%;background-image:url(https:\/\/static-www.cittadellascienza.it\/wp-content\/uploads\/2025\/04\/IMG_Background_color_dim_1920_x_1080_px.jpg)\"><\/div><div class=\"wp-block-cover__inner-container is-layout-constrained wp-block-cover-is-layout-constrained\">\n<p class=\"has-text-align-center has-large-font-size\"><\/p>\n<\/div><\/div>\n\n<div style=\"height:60px\" aria-hidden=\"true\" class=\"wp-block-spacer\"><\/div>\n    <section class=\"gblock info_box_selector light-grey-bg bg-pos-h-center bg-pos-v-center mb-0\"  aria-labelledby=\"section-1\"><div class=\"container px-0 block_count_1\" data-blockcount=\"1\"><div class=\"row\">    <div class=\"col-12\">\n        <div class=\"container\">\n            <div class=\"row\">\n\n                <div class=\"col-12\">\n                                    <\/div>\n                                <div class=\"col-12\">\n                    \n<h2 class=\"wp-block-heading\" style=\"margin-top:20px;margin-bottom:20px;font-size:24px\"><mark style=\"background-color:rgba(0, 0, 0, 0)\" class=\"has-inline-color has-red-color\">FOR<strong> INFO <\/strong>AND<strong> CONTACTS<\/strong><\/mark><\/h2>\n\n<div class=\"wp-block-columns is-layout-flex wp-container-core-columns-is-layout-28f84493 wp-block-columns-is-layout-flex\">\n<div class=\"wp-block-column is-layout-flow wp-block-column-is-layout-flow\" style=\"flex-basis:33.33%\">\r\n\r\n\r\n    <section class=\"gblock section_title transparent-bg bg-pos-h-center bg-pos-v-center mb-0\"  aria-labelledby=\"section-2\"><div class=\"container px-0 block_count_2\" data-blockcount=\"2\"><div class=\"row\">\r\n\t<div class=\"col-12\">\r\n\t\t<h2 class=\"mb-2 text-start red\" id=\"section-2\">\r\n\t\t\t\t\t\t\t<i class=\"me-2 title-icon red fa-classic fa-solid fa-phone\"><\/i>\r\n\t\t\t\t\t\t<span class=\"\">Phone<\/span>\r\n\t\t<\/h2>\r\n\t<\/div>\r\n\t\t\t<div class=\"col-12 pb-2\">\r\n\t\t\t<div class=\"border-separator\"><\/div>\r\n\t\t<\/div>\r\n\t    <\/div><\/div><\/section>\r\n\n\n\n<p><em>Alessandra Drioli<\/em><br\/><strong>Tel.<\/strong> (+39) <a href=\"tel:081 7352222\">081 7352.204<\/a><\/p>\n\n\n\r\n\r\n\r\n    <section class=\"gblock section_title transparent-bg bg-pos-h-center bg-pos-v-center mb-0\"  aria-labelledby=\"section-3\"><div class=\"container px-0 block_count_3\" data-blockcount=\"3\"><div class=\"row\">\r\n\t<div class=\"col-12\">\r\n\t\t<h2 class=\"mb-2 text-start red\" id=\"section-3\">\r\n\t\t\t\t\t\t\t<i class=\"me-2 title-icon red fa-classic fa-solid fa-at\"><\/i>\r\n\t\t\t\t\t\t<span class=\"\">Mail<\/span>\r\n\t\t<\/h2>\r\n\t<\/div>\r\n\t\t\t<div class=\"col-12 pb-2\">\r\n\t\t\t<div class=\"border-separator\"><\/div>\r\n\t\t<\/div>\r\n\t    <\/div><\/div><\/section>\r\n\n\n\n<p><strong><a href=\"mailto:contact@cittadellascienza.it\">alessandra.drioli@cittadellascienza.it<\/a><\/strong><\/p>\n<\/div>\n<\/div>\n\n\n                    <\/divc>\n                <\/div>\n            <\/div>\n        <\/div>\n        <\/div><\/div><\/section>    ","protected":false},"excerpt":{"rendered":"<p>Promozione della cittadinanza scientifica Le attivit\u00e0 di diffusione della conoscenza svolte da Citt\u00e0 della Scienza hanno come obiettivo ultimo la promozione della cittadinanza scientifica e sono incentrate sul rapporto tra scienza e societ\u00e0 con un\u2019attenzione particolare anche al rapporto tra scienza e arte.\u00a0 Le attivit\u00e0 sono volte, quindi, a favorire il dialogo tra societ\u00e0 e [&hellip;]<\/p>\n","protected":false},"author":7,"featured_media":19096,"parent":0,"menu_order":17,"comment_status":"closed","ping_status":"closed","template":"","meta":{"_acf_changed":false,"footnotes":""},"class_list":["post-19109","page","type-page","status-publish","has-post-thumbnail","hentry"],"acf":[],"_links":{"self":[{"href":"https:\/\/www.cittadellascienza.it\/en\/wp-json\/wp\/v2\/pages\/19109","targetHints":{"allow":["GET"]}}],"collection":[{"href":"https:\/\/www.cittadellascienza.it\/en\/wp-json\/wp\/v2\/pages"}],"about":[{"href":"https:\/\/www.cittadellascienza.it\/en\/wp-json\/wp\/v2\/types\/page"}],"author":[{"embeddable":true,"href":"https:\/\/www.cittadellascienza.it\/en\/wp-json\/wp\/v2\/users\/7"}],"replies":[{"embeddable":true,"href":"https:\/\/www.cittadellascienza.it\/en\/wp-json\/wp\/v2\/comments?post=19109"}],"version-history":[{"count":1,"href":"https:\/\/www.cittadellascienza.it\/en\/wp-json\/wp\/v2\/pages\/19109\/revisions"}],"predecessor-version":[{"id":19110,"href":"https:\/\/www.cittadellascienza.it\/en\/wp-json\/wp\/v2\/pages\/19109\/revisions\/19110"}],"wp:featuredmedia":[{"embeddable":true,"href":"https:\/\/www.cittadellascienza.it\/en\/wp-json\/wp\/v2\/media\/19096"}],"wp:attachment":[{"href":"https:\/\/www.cittadellascienza.it\/en\/wp-json\/wp\/v2\/media?parent=19109"}],"curies":[{"name":"wp","href":"https:\/\/api.w.org\/{rel}","templated":true}]}}